{"id":1872,"date":"2024-03-10T19:05:29","date_gmt":"2024-03-10T22:05:29","guid":{"rendered":"https:\/\/nedabrain.com.br\/?page_id=1872"},"modified":"2024-03-10T20:08:09","modified_gmt":"2024-03-10T23:08:09","slug":"suplementos","status":"publish","type":"page","link":"https:\/\/nedabrain.com.br\/index.php\/suplementos\/","title":{"rendered":"suplementos"},"content":{"rendered":"\t\t<div data-elementor-type=\"wp-page\" data-elementor-id=\"1872\" class=\"elementor elementor-1872\" data-elementor-post-type=\"page\">\n\t\t\t\t\t\t<section class=\"elementor-section elementor-top-section elementor-element elementor-element-6a1d0743 elementor-section-content-middle elementor-section-boxed elementor-section-height-default elementor-section-height-default\" data-id=\"6a1d0743\" data-element_type=\"section\" data-e-type=\"section\" data-settings=\"{&quot;background_background&quot;:&quot;classic&quot;}\">\n\t\t\t\t\t\t\t<div class=\"elementor-background-overlay\"><\/div>\n\t\t\t\t\t\t\t<div class=\"elementor-container elementor-column-gap-default\">\n\t\t\t\t\t<div class=\"elementor-column elementor-col-100 elementor-top-column elementor-element elementor-element-49411783\" data-id=\"49411783\" data-element_type=\"column\" data-e-type=\"column\">\n\t\t\t<div class=\"elementor-widget-wrap elementor-element-populated\">\n\t\t\t\t\t\t<div class=\"elementor-element elementor-element-59a2618 elementor-widget elementor-widget-heading\" data-id=\"59a2618\" data-element_type=\"widget\" data-e-type=\"widget\" data-widget_type=\"heading.default\">\n\t\t\t\t<div class=\"elementor-widget-container\">\n\t\t\t\t\t<h1 class=\"elementor-heading-title elementor-size-default\">Dicas e Suplementos <\/h1>\t\t\t\t<\/div>\n\t\t\t\t<\/div>\n\t\t\t\t\t<\/div>\n\t\t<\/div>\n\t\t\t\t\t<\/div>\n\t\t<\/section>\n\t\t<div class=\"elementor-element elementor-element-af6a356 e-flex e-con-boxed e-con e-parent\" data-id=\"af6a356\" data-element_type=\"container\" data-e-type=\"container\">\n\t\t\t\t\t<div class=\"e-con-inner\">\n\t\t\t\t<div class=\"elementor-element elementor-element-3d381ef elementor-widget elementor-widget-text-editor\" data-id=\"3d381ef\" data-element_type=\"widget\" data-e-type=\"widget\" data-widget_type=\"text-editor.default\">\n\t\t\t\t<div class=\"elementor-widget-container\">\n\t\t\t\t\t\t\t\t\t<p><span style=\"color: #7c140c; font-family: Roboto, sans-serif;\">Como muitas pessoas enviam e-mails e mensagens para perguntar sobre suplementos ou produtos que possam ser \u00fateis com rela\u00e7\u00e3o a v\u00eddeos que produzimos, resolvemos criar esta p\u00e1gina para deixar links de lojas e fornecedores que possam ser \u00fateis.&nbsp;<\/span><span style=\"color: rgb(124, 20, 12); font-family: Roboto, sans-serif;\">A NEDA-BRAIN n\u00e3o comercializa ou fabrica esses itens, eles s\u00e3o indica\u00e7\u00f5es de parceiros em que confiamos ou enviados pelo nosso network.<\/span><\/p>\t\t\t\t\t\t\t\t<\/div>\n\t\t\t\t<\/div>\n\t\t\t\t\t<\/div>\n\t\t\t\t<\/div>\n\t\t\t\t<section class=\"elementor-section elementor-top-section elementor-element elementor-element-2ced007a elementor-section-boxed elementor-section-height-default elementor-section-height-default\" data-id=\"2ced007a\" data-element_type=\"section\" data-e-type=\"section\" data-settings=\"{&quot;background_background&quot;:&quot;classic&quot;}\">\n\t\t\t\t\t\t<div class=\"elementor-container elementor-column-gap-default\">\n\t\t\t\t\t<div class=\"elementor-column elementor-col-100 elementor-top-column elementor-element elementor-element-62010368\" data-id=\"62010368\" data-element_type=\"column\" data-e-type=\"column\">\n\t\t\t<div class=\"elementor-widget-wrap elementor-element-populated\">\n\t\t\t\t<div class=\"elementor-element elementor-element-69db473 e-flex e-con-boxed e-con e-parent\" data-id=\"69db473\" data-element_type=\"container\" data-e-type=\"container\">\n\t\t\t\t\t<div class=\"e-con-inner\">\n\t\t\t\t\t<\/div>\n\t\t\t\t<\/div>\n\t\t\t\t<div class=\"elementor-element elementor-element-5b6b4d66 elementor-widget elementor-widget-heading\" data-id=\"5b6b4d66\" data-element_type=\"widget\" data-e-type=\"widget\" data-widget_type=\"heading.default\">\n\t\t\t\t<div class=\"elementor-widget-container\">\n\t\t\t\t\t<h3 class=\"elementor-heading-title elementor-size-default\">C\u00farcuma \/ Curcumina<\/h3>\t\t\t\t<\/div>\n\t\t\t\t<\/div>\n\t\t\t\t<div class=\"elementor-element elementor-element-732f0dd6 elementor-widget elementor-widget-text-editor\" data-id=\"732f0dd6\" data-element_type=\"widget\" data-e-type=\"widget\" data-widget_type=\"text-editor.default\">\n\t\t\t\t<div class=\"elementor-widget-container\">\n\t\t\t\t\t\t\t\t\t<p>A c\u00farcuma, tamb\u00e9m conhecida como a\u00e7afr\u00e3o-da-terra, \u00e9 um tempero vibrante e repleto de benef\u00edcios para a sa\u00fade. Aqui est\u00e3o algumas raz\u00f5es pelas quais voc\u00ea deve considerar inclu\u00ed-la em sua dieta:<\/p>\n<p><span style=\"color: var( --e-global-color-text ); font-family: var( --e-global-typography-text-font-family ), Sans-serif; font-weight: var( --e-global-typography-text-font-weight ); font-size: 1rem;\">1 &#8211; Preven\u00e7\u00e3o do C\u00e2ncer: A c\u00farcuma cont\u00e9m compostos fen\u00f3licos com propriedades antioxidantes e anti-inflamat\u00f3rias. Esses compostos ajudam a prevenir o surgimento de alguns tipos de c\u00e2ncer, como c\u00f3lon, mama, intestino, bexiga e medula \u00f3ssea. Al\u00e9m disso, a c\u00farcuma pode combater c\u00e9lulas cancer\u00edgenas e aumentar a efic\u00e1cia da quimioterapia e radioterapia no tratamento do c\u00e2ncer.<\/span><\/p>\n<p><\/p>\n<p><span style=\"color: var( --e-global-color-text ); font-family: var( --e-global-typography-text-font-family ), Sans-serif; font-weight: var( --e-global-typography-text-font-weight ); font-size: 1rem;\">2 &#8211; Redu\u00e7\u00e3o do Colesterol: Gra\u00e7as \u00e0s suas propriedades antioxidantes, a c\u00faruma ajuda a diminuir os n\u00edveis de colesterol \u201cruim\u201d (LDL) e triglicer\u00eddeos no sangue, prevenindo doen\u00e7as cardiovasculares, como infarto e aterosclerose.<\/span><\/p>\n<p><\/p>\n<p><span style=\"color: var( --e-global-color-text ); font-family: var( --e-global-typography-text-font-family ), Sans-serif; font-weight: var( --e-global-typography-text-font-weight ); font-size: 1rem;\">3 &#8211; Al\u00edvio das Dores: A c\u00farcuma \u00e9 terapeuticamente usada para aliviar dores de cabe\u00e7a e dores nas articula\u00e7\u00f5es, como as causadas pela artrite reumatoide. Sua a\u00e7\u00e3o anti-inflamat\u00f3ria pode proporcionar al\u00edvio e melhorar a mobilidade das articula\u00e7\u00f5es.<\/span><\/p>\n<p><\/p>\n<p><span style=\"color: var( --e-global-color-text ); font-family: var( --e-global-typography-text-font-family ), Sans-serif; font-weight: var( --e-global-typography-text-font-weight ); font-size: 1rem;\">4 &#8211; Aux\u00edlio no Emagrecimento: A c\u00farcuma possui a\u00e7\u00e3o termog\u00eanica, estimulando o gasto energ\u00e9tico e a queima de gordura corporal. Al\u00e9m disso, reduz marcadores inflamat\u00f3rios associados ao sobrepeso e obesidade, tornando-a uma boa op\u00e7\u00e3o para dietas de emagrecimento.<\/span><\/p>\n<p><\/p>\n<p><span style=\"color: var( --e-global-color-text ); font-family: var( --e-global-typography-text-font-family ), Sans-serif; font-weight: var( --e-global-typography-text-font-weight ); font-size: 1rem;\">5 &#8211; Preven\u00e7\u00e3o de Doen\u00e7as Neurodegenerativas: A c\u00farcuma tem potente a\u00e7\u00e3o antioxidante e anti-inflamat\u00f3ria, melhorando a capacidade cognitiva e prevenindo doen\u00e7as como Alzheimer, Parkinson e dem\u00eancia.<\/span><\/p>\n<p><\/p>\n<p><span style=\"color: var( --e-global-color-text ); font-family: var( --e-global-typography-text-font-family ), Sans-serif; font-weight: var( --e-global-typography-text-font-weight ); font-size: 1rem;\">6 &#8211; Controle da Diabetes: A c\u00farcuma melhora as fun\u00e7\u00f5es das c\u00e9lulas pancre\u00e1ticas, respons\u00e1veis pela secre\u00e7\u00e3o de insulina, ajudando a diminuir os n\u00edveis de glicose no sangue. \u00c9 uma op\u00e7\u00e3o ben\u00e9fica para pessoas com resist\u00eancia \u00e0 insulina ou diabetes.<\/span><\/p>\n<p><\/p>\n<p><span style=\"color: var( --e-global-color-text ); font-family: var( --e-global-typography-text-font-family ), Sans-serif; font-weight: var( --e-global-typography-text-font-weight ); font-size: 1rem;\">Lembre-se de que a c\u00farcuma pode ser usada em ch\u00e1s, temperos, cremes e at\u00e9 mesmo na forma de c\u00e1psulas orais. Experimente incorpor\u00e1-la em sua alimenta\u00e7\u00e3o e aproveite seus benef\u00edcios para a sa\u00fade! <\/span><span style=\"color: var( --e-global-color-text ); font-weight: var( --e-global-typography-text-font-weight ); font-size: 1rem; font-family: 'Segoe UI Emoji', sans-serif;\">\ud83c\udf3f\ud83c\udf1f<\/span><\/p>\n<p><\/p>\t\t\t\t\t\t\t\t<\/div>\n\t\t\t\t<\/div>\n\t\t<div class=\"elementor-element elementor-element-8f604a5 e-flex e-con-boxed e-con e-parent\" data-id=\"8f604a5\" data-element_type=\"container\" data-e-type=\"container\">\n\t\t\t\t\t<div class=\"e-con-inner\">\n\t\t\t\t<div class=\"elementor-element elementor-element-79cab22 elementor-widget elementor-widget-text-editor\" data-id=\"79cab22\" data-element_type=\"widget\" data-e-type=\"widget\" data-widget_type=\"text-editor.default\">\n\t\t\t\t<div class=\"elementor-widget-container\">\n\t\t\t\t\t\t\t\t\t<p class=\"MsoNormal\" style=\"color: #7a7a7a; font-family: Roboto, sans-serif;\">Deixo duas sugest\u00f5es de produtos que podem ajudar na sua suplementa\u00e7\u00e3o. Al\u00e9m de ajudarem muito em quest\u00e3o de dores, a curcumina atua em todas as \u00e1reas citadas no post. Caso n\u00f3s encontremos mais produtos similares em outras marcas e fabricantes, incluiremos aqui como alternativa. Se for poss\u00edvel, consuma em natura.<\/p><p class=\"MsoNormal\" style=\"color: #7a7a7a; font-family: Roboto, sans-serif;\">1 \u2013\u00a0<a style=\"background-color: #ffffff; font-family: var( --e-global-typography-text-font-family ), Sans-serif; font-weight: var( --e-global-typography-text-font-weight ); font-size: 1rem;\" href=\"https:\/\/curcuvitoficial.online\/?mcr=ARC24053701\" target=\"_blank\" rel=\"noopener\">Curcumina em gotas<\/a><\/p><p class=\"MsoNormal\" style=\"color: #7a7a7a; font-family: Roboto, sans-serif;\"><span style=\"color: var( --e-global-color-text ); font-family: var( --e-global-typography-text-font-family ), Sans-serif; font-weight: var( --e-global-typography-text-font-weight ); font-size: 1rem;\">\u00a02 \u2013\u00a0<\/span><a style=\"background-color: #ffffff; font-family: var( --e-global-typography-text-font-family ), Sans-serif; font-weight: var( --e-global-typography-text-font-weight ); font-size: 1rem;\" href=\"https:\/\/app.monetizze.com.br\/r\/AXY24053764\" target=\"_blank\" rel=\"noopener\">Curcumina em c\u00e1psulas<\/a><\/p>\t\t\t\t\t\t\t\t<\/div>\n\t\t\t\t<\/div>\n\t\t\t\t\t<\/div>\n\t\t\t\t<\/div>\n\t\t\t\t<div class=\"elementor-element elementor-element-6ceba1c8 elementor-widget-divider--view-line elementor-widget elementor-widget-divider\" data-id=\"6ceba1c8\" data-element_type=\"widget\" data-e-type=\"widget\" data-widget_type=\"divider.default\">\n\t\t\t\t<div class=\"elementor-widget-container\">\n\t\t\t\t\t\t\t<div class=\"elementor-divider\">\n\t\t\t<span class=\"elementor-divider-separator\">\n\t\t\t\t\t\t<\/span>\n\t\t<\/div>\n\t\t\t\t\t\t<\/div>\n\t\t\t\t<\/div>\n\t\t\t\t\t<\/div>\n\t\t<\/div>\n\t\t\t\t\t<\/div>\n\t\t<\/section>\n\t\t\t\t<\/div>\n\t\t","protected":false},"excerpt":{"rendered":"<p>Dicas e Suplementos Como muitas pessoas enviam e-mails e mensagens para perguntar sobre suplementos ou produtos que possam ser \u00fateis com rela\u00e7\u00e3o a v\u00eddeos que produzimos, resolvemos criar esta p\u00e1gina para deixar links de lojas e fornecedores que possam ser \u00fateis.&nbsp;A NEDA-BRAIN n\u00e3o comercializa ou fabrica esses itens, eles s\u00e3o indica\u00e7\u00f5es de parceiros em que [&hellip;]<\/p>\n","protected":false},"author":1,"featured_media":0,"parent":0,"menu_order":0,"comment_status":"closed","ping_status":"closed","template":"elementor_header_footer","meta":{"om_disable_all_campaigns":false,"footnotes":""},"class_list":["post-1872","page","type-page","status-publish","hentry"],"aioseo_notices":[],"jetpack_sharing_enabled":true,"_links":{"self":[{"href":"https:\/\/nedabrain.com.br\/index.php\/wp-json\/wp\/v2\/pages\/1872","targetHints":{"allow":["GET"]}}],"collection":[{"href":"https:\/\/nedabrain.com.br\/index.php\/wp-json\/wp\/v2\/pages"}],"about":[{"href":"https:\/\/nedabrain.com.br\/index.php\/wp-json\/wp\/v2\/types\/page"}],"author":[{"embeddable":true,"href":"https:\/\/nedabrain.com.br\/index.php\/wp-json\/wp\/v2\/users\/1"}],"replies":[{"embeddable":true,"href":"https:\/\/nedabrain.com.br\/index.php\/wp-json\/wp\/v2\/comments?post=1872"}],"version-history":[{"count":49,"href":"https:\/\/nedabrain.com.br\/index.php\/wp-json\/wp\/v2\/pages\/1872\/revisions"}],"predecessor-version":[{"id":1926,"href":"https:\/\/nedabrain.com.br\/index.php\/wp-json\/wp\/v2\/pages\/1872\/revisions\/1926"}],"wp:attachment":[{"href":"https:\/\/nedabrain.com.br\/index.php\/wp-json\/wp\/v2\/media?parent=1872"}],"curies":[{"name":"wp","href":"https:\/\/api.w.org\/{rel}","templated":true}]}}