{"id":634,"date":"2023-09-26T19:17:02","date_gmt":"2023-09-26T22:17:02","guid":{"rendered":"https:\/\/nedabrain.com.br\/?post_type=product&#038;p=634"},"modified":"2023-09-26T19:17:03","modified_gmt":"2023-09-26T22:17:03","slug":"neuroanatomia-funcional-da-motricidade-e-seus-disturbios","status":"publish","type":"product","link":"https:\/\/nedabrain.com.br\/index.php\/product\/neuroanatomia-funcional-da-motricidade-e-seus-disturbios\/","title":{"rendered":"Neuroanatomia Funcional da Motricidade e seus Dist\u00farbios"},"content":{"rendered":"<p>O cientista e Pr\u00eamio Nobel Charles Sherrington afirmou, em 1924, que: \u201eTudo o que o ser humano consegue fazer \u00e9 atrav\u00e9s dos Movimentos. Quer seja para produzir um fonema, quer seja para construir uma cidade, quer seja para desmatar uma floresta!\u201d. Quanto mais refletimos sobre esta afirma\u00e7\u00e3o, tanto mais ficamos convencidos de que o Sistema Motor pode transformar pensamentos em movimentos. Gra\u00e7as ao sistema motor podemos nos comunicar, fazer-nos entender, construir, destruir, escrever, ler este texto e colocar o mundo em movimento.<\/p>\n<p>Todo comportamento motor necessita da a\u00e7\u00e3o coordenada, variada e integrada dos mais de 750 m\u00fasculos. Essa complexidade \u00e9 controlada pelo sistema nervoso, o qual capta, transporta, avalia, seleciona e processa os distintos tipos de est\u00edmulos oriundos do meio ambiente e do nosso pr\u00f3prio corpo. Enquanto o Sistema Sensitivo transforma energia biof\u00edsica em informa\u00e7\u00f5es nervosas eletroqu\u00edmicas, o Sistema Motor transforma o processamento neuronal em energia atrav\u00e9s da contra\u00e7\u00e3o muscular.<\/p>\n<div class=\"vc_row wpb_row vc_row-fluid\">\n<div class=\"wpb_column vc_column_container vc_col-sm-12\">\n<div class=\"vc_column-inner\">\n<div class=\"wpb_wrapper\">\n<div class=\"wpb_text_column wpb_content_element \">\n<div class=\"wpb_wrapper\">\n<h3><b>Conte\u00fado:<\/b><\/h3>\n<ul>\n<li>o ser humano \u00e9 direcionado por receptores<\/li>\n<li>medula espinal: geradores centrais de padr\u00f5es (CPG)<\/li>\n<li>fusos neuromusculares, neur\u00f4nios motores superiores e inferiores e a harmonia dos nossos movimentos<\/li>\n<li>forma\u00e7\u00e3o reticular e as adapta\u00e7\u00f5es posturais antecipat\u00f3rias (APAs): estabilidade antes da mobilidade<\/li>\n<li>conex\u00f5es e integra\u00e7\u00f5es estruturais para a regula\u00e7\u00e3o da postura e do movimento<\/li>\n<li>cerebelo: fun\u00e7\u00f5es motoras cl\u00e1ssicas (determina\u00e7\u00e3o do tempo do movimento e coordena\u00e7\u00e3o do movimento) e fun\u00e7\u00f5es n\u00e3o-motoras (aten\u00e7\u00e3o, planejamento, solu\u00e7\u00e3o de problemas etc.)<\/li>\n<li>c\u00f3rtex pr\u00e9-frontal (o nascimento das inten\u00e7\u00f5es) e c\u00f3rtex motor (deflagrar dos movimentos)<\/li>\n<li>n\u00facleos da base: Automatismo, Parkinson, Huntington e Discinesias.<\/li>\n<\/ul>\n<\/div>\n<\/div>\n<\/div>\n<\/div>\n<\/div>\n<\/div>\n<div class=\"vc_row wpb_row vc_row-fluid\">\n<div class=\"wpb_column vc_column_container vc_col-sm-12\">\n<div class=\"vc_column-inner\">\n<div class=\"wpb_wrapper\">\n<div class=\"vc_empty_space\"><strong>Pre\u00e7o:<\/strong><\/div>\n<div class=\"wpb_text_column wpb_content_element \">\n<div class=\"wpb_wrapper\">\n<p>Os pre\u00e7os atuais podem ser encontrados no alto desta p\u00e1gina, no lado direito<\/p>\n<p>Todos os pre\u00e7os incluem o imposto de vendas legal!<\/p>\n<p>O per\u00edodo de uso \u00e9 de 30 dias!<\/p>\n<\/div>\n<\/div>\n<\/div>\n<\/div>\n<\/div>\n<\/div>\n","protected":false},"excerpt":{"rendered":"<p>Todo comportamento motor necessita da a\u00e7\u00e3o coordenada, variada e integrada dos mais de 750 m\u00fasculos. Essa complexidade \u00e9 controlada pelo sistema nervoso, o qual capta, transporta, avalia, seleciona e processa os distintos tipos de est\u00edmulos oriundos do meio ambiente e do nosso pr\u00f3prio corpo. Enquanto o Sistema Sensitivo transforma energia biof\u00edsica em informa\u00e7\u00f5es nervosas eletroqu\u00edmicas, o Sistema Motor transforma o processamento neuronal em energia atrav\u00e9s da contra\u00e7\u00e3o muscular.<\/p>\n","protected":false},"featured_media":635,"comment_status":"open","ping_status":"closed","template":"","meta":{"om_disable_all_campaigns":false},"product_brand":[],"product_cat":[28],"product_tag":[29],"class_list":{"0":"post-634","1":"product","2":"type-product","3":"status-publish","4":"has-post-thumbnail","6":"product_cat-curso-online","7":"product_tag-motricidade","9":"first","10":"instock","11":"virtual","12":"purchasable","13":"product-type-simple"},"aioseo_notices":[],"jetpack_sharing_enabled":true,"_links":{"self":[{"href":"https:\/\/nedabrain.com.br\/index.php\/wp-json\/wp\/v2\/product\/634","targetHints":{"allow":["GET"]}}],"collection":[{"href":"https:\/\/nedabrain.com.br\/index.php\/wp-json\/wp\/v2\/product"}],"about":[{"href":"https:\/\/nedabrain.com.br\/index.php\/wp-json\/wp\/v2\/types\/product"}],"replies":[{"embeddable":true,"href":"https:\/\/nedabrain.com.br\/index.php\/wp-json\/wp\/v2\/comments?post=634"}],"wp:featuredmedia":[{"embeddable":true,"href":"https:\/\/nedabrain.com.br\/index.php\/wp-json\/wp\/v2\/media\/635"}],"wp:attachment":[{"href":"https:\/\/nedabrain.com.br\/index.php\/wp-json\/wp\/v2\/media?parent=634"}],"wp:term":[{"taxonomy":"product_brand","embeddable":true,"href":"https:\/\/nedabrain.com.br\/index.php\/wp-json\/wp\/v2\/product_brand?post=634"},{"taxonomy":"product_cat","embeddable":true,"href":"https:\/\/nedabrain.com.br\/index.php\/wp-json\/wp\/v2\/product_cat?post=634"},{"taxonomy":"product_tag","embeddable":true,"href":"https:\/\/nedabrain.com.br\/index.php\/wp-json\/wp\/v2\/product_tag?post=634"}],"curies":[{"name":"wp","href":"https:\/\/api.w.org\/{rel}","templated":true}]}}