{"id":642,"date":"2023-09-26T19:55:07","date_gmt":"2023-09-26T22:55:07","guid":{"rendered":"https:\/\/nedabrain.com.br\/?post_type=product&#038;p=642"},"modified":"2023-09-26T19:55:07","modified_gmt":"2023-09-26T22:55:07","slug":"plasticidade-do-sistema-nervoso-chance-para-a-reabilitacao","status":"publish","type":"product","link":"https:\/\/nedabrain.com.br\/index.php\/product\/plasticidade-do-sistema-nervoso-chance-para-a-reabilitacao\/","title":{"rendered":"Plasticidade do Sistema Nervoso: Chance para a reabilita\u00e7\u00e3o"},"content":{"rendered":"<div class=\"vc_row wpb_row vc_row-fluid\">\n<div class=\"wpb_column vc_column_container vc_col-sm-12\">\n<div class=\"vc_column-inner\">\n<div class=\"wpb_wrapper\">\n<div class=\"wpb_text_column wpb_content_element \">\n<div class=\"wpb_wrapper\">\n<p>A plasticidade \u00e9 uma propriedade fundamental intr\u00ednseca tanto de cada uma das c\u00e9lulas nervosas isoladamente, como de redes neuronais. Ela \u00e9 a base biol\u00f3gica para a aprendizagem, mem\u00f3ria, desenvolvimento e recupera\u00e7\u00f5es p\u00f3s-lesionais. Neste curso, descrevemos os v\u00e1rios mecanismos e princ\u00edpios de funcionamento da plasticidade e sua intera\u00e7\u00e3o com o ambiente de aprendizagem e atividade f\u00edsica.<\/p>\n<p>Embora os processos pl\u00e1sticos nem sempre levem \u00e0 recupera\u00e7\u00e3o completa (cura), toda pequena melhora e toda cura devem ser explicadas atrav\u00e9s dos distintos mecanismos pl\u00e1sticos, quer sejam eles morfol\u00f3gicos, quer sejam qu\u00edmicos.<\/p>\n<\/div>\n<\/div>\n<div class=\"vc_empty_space\"><\/div>\n<div class=\"wpb_text_column wpb_content_element \">\n<div class=\"wpb_wrapper\">\n<p><b>Conte\u00fado:<\/b><\/p>\n<ul>\n<li>o c\u00e9rebro est\u00e1 mudando \u2013 do mito \u00e0 realidade da neuroplasticidade<\/li>\n<li>plasticidade em todos os lugares: desenvolvimento, aprendizagem e\u00a0 mem\u00f3ria<\/li>\n<li>condi\u00e7\u00f5es b\u00e1sicas para a reabilita\u00e7\u00e3o do sistema nervoso: fatores que influenciam os fen\u00f4menos neuropl\u00e1sticos<\/li>\n<li>o rel\u00f3gio biol\u00f3gico interno: existe neurog\u00eanese ap\u00f3s o nascimento?<\/li>\n<li>fatores neurotr\u00f3ficos: mol\u00e9culas de vida para as c\u00e9lulas nervosas<\/li>\n<li>neuroplasticidade influenciada por neurotransmissores: estresse\/depress\u00e3o versus equil\u00edbrio emocional\/motiva\u00e7\u00e3o<\/li>\n<li>terapia com c\u00e9lulas-tronco embrion\u00e1rias e adultas: esperan\u00e7a para o futuro<\/li>\n<li>fatores inibidores da neuroplasticidade: vantagens e desvantagens<\/li>\n<\/ul>\n<\/div>\n<\/div>\n<\/div>\n<\/div>\n<\/div>\n<\/div>\n<div class=\"vc_row wpb_row vc_row-fluid\">\n<div class=\"wpb_column vc_column_container vc_col-sm-12\">\n<div class=\"vc_column-inner\">\n<div class=\"wpb_wrapper\">\n<div class=\"vc_empty_space\"><\/div>\n<div class=\"wpb_text_column wpb_content_element \">\n<div class=\"wpb_wrapper\">\n<h3><strong>Preco:<\/strong><\/h3>\n<p>Os pre\u00e7os atuais podem ser encontrados no alto desta p\u00e1gina, no lado direito<\/p>\n<p>Todos os pre\u00e7os incluem o imposto de vendas legal!<\/p>\n<p>O per\u00edodo de uso \u00e9 de 30 dias!<\/p>\n<\/div>\n<\/div>\n<\/div>\n<\/div>\n<\/div>\n<\/div>\n","protected":false},"excerpt":{"rendered":"<p>Embora os processos pl\u00e1sticos nem sempre levem \u00e0 recupera\u00e7\u00e3o completa (cura), toda pequena melhora e toda cura devem ser explicadas atrav\u00e9s dos distintos mecanismos pl\u00e1sticos, quer sejam eles morfol\u00f3gicos, quer sejam qu\u00edmicos.<\/p>\n","protected":false},"featured_media":643,"comment_status":"open","ping_status":"closed","template":"","meta":{"om_disable_all_campaigns":false},"product_brand":[],"product_cat":[28],"product_tag":[30,31],"class_list":{"0":"post-642","1":"product","2":"type-product","3":"status-publish","4":"has-post-thumbnail","6":"product_cat-curso-online","7":"product_tag-plasticidade","8":"product_tag-reabilitacao","10":"first","11":"instock","12":"virtual","13":"purchasable","14":"product-type-simple"},"aioseo_notices":[],"jetpack_sharing_enabled":true,"_links":{"self":[{"href":"https:\/\/nedabrain.com.br\/index.php\/wp-json\/wp\/v2\/product\/642","targetHints":{"allow":["GET"]}}],"collection":[{"href":"https:\/\/nedabrain.com.br\/index.php\/wp-json\/wp\/v2\/product"}],"about":[{"href":"https:\/\/nedabrain.com.br\/index.php\/wp-json\/wp\/v2\/types\/product"}],"replies":[{"embeddable":true,"href":"https:\/\/nedabrain.com.br\/index.php\/wp-json\/wp\/v2\/comments?post=642"}],"wp:featuredmedia":[{"embeddable":true,"href":"https:\/\/nedabrain.com.br\/index.php\/wp-json\/wp\/v2\/media\/643"}],"wp:attachment":[{"href":"https:\/\/nedabrain.com.br\/index.php\/wp-json\/wp\/v2\/media?parent=642"}],"wp:term":[{"taxonomy":"product_brand","embeddable":true,"href":"https:\/\/nedabrain.com.br\/index.php\/wp-json\/wp\/v2\/product_brand?post=642"},{"taxonomy":"product_cat","embeddable":true,"href":"https:\/\/nedabrain.com.br\/index.php\/wp-json\/wp\/v2\/product_cat?post=642"},{"taxonomy":"product_tag","embeddable":true,"href":"https:\/\/nedabrain.com.br\/index.php\/wp-json\/wp\/v2\/product_tag?post=642"}],"curies":[{"name":"wp","href":"https:\/\/api.w.org\/{rel}","templated":true}]}}